{"id":29,"date":"2020-01-16T06:33:19","date_gmt":"2020-01-16T06:33:19","guid":{"rendered":"https:\/\/www.demo.cosmoswp.com\/demo-15\/?page_id=669"},"modified":"2025-02-06T17:26:35","modified_gmt":"2025-02-06T14:26:35","slug":"anasayfa","status":"publish","type":"page","link":"https:\/\/sunmax.tr\/en\/","title":{"rendered":"HOME PAGE"},"content":{"rendered":"<section id=\"g-ed1epec\" class=\"wp-block-gutentor-m4 alignfull section-g-ed1epec gutentor-module gutentor-advanced-columns\"><div class=\"grid-container gutentor-rm-ct-space-d gutentor-rm-ct-space\"><div class=\"grid-row gutentor-rm-row-space\">\n<div id=\"col-g-rsasass\" class=\"wp-block-gutentor-m4-col col-g-rsasass gutentor-single-column  grid-lg-12 grid-md-12 grid-12 gutentor-rm-col-space\"><div id=\"section-g-rsasass\" class=\"section-g-rsasass gutentor-col-wrap\"><div id=\"metaslider-id-4609\" style=\"width: 100%; margin: 0 auto;\" class=\"ml-slider-3-90-1 metaslider metaslider-flex metaslider-4609 ml-slider hide-arrows-smartphone hide-navigation-smartphone ms-theme-outline has-carousel-mode has-dots-nav\" role=\"region\" aria-roledescription=\"Slideshow\" aria-label=\"New Slideshow\">\n    <div id=\"metaslider_container_4609\">\n        <div id=\"metaslider_4609\">\n            <ul class='slides'>\n                <li style=\"display: none; width: 100%;\" class=\"slide-7139 ms-image\" aria-roledescription=\"slide\" aria-label=\"slide-7139\"><img decoding=\"async\" src=\"https:\/\/sunmax.tr\/wp-content\/uploads\/2025\/02\/slider-3-0x0.jpg\" alt=\"\" class=\"slider-4609 slide-7139\" title=\"slider-3\" \/><\/li>\n                <li style=\"display: none; width: 100%;\" class=\"slide-4612 ms-image\" aria-roledescription=\"slide\" aria-label=\"slide-4612\"><img decoding=\"async\" src=\"https:\/\/sunmax.tr\/wp-content\/uploads\/2025\/02\/slider-4-0x0.jpg\" alt=\"\" class=\"slider-4609 slide-4612\" title=\"slider-4\" \/><\/li>\n                <li style=\"display: none; width: 100%;\" class=\"slide-7188 ms-image\" aria-roledescription=\"slide\" aria-label=\"slide-7188\"><img decoding=\"async\" src=\"https:\/\/sunmax.tr\/wp-content\/uploads\/2025\/02\/slider-5-0x0.jpg\" alt=\"\" class=\"slider-4609 slide-7188\" title=\"slider-5\" \/><\/li>\n                <li style=\"display: none; width: 100%;\" class=\"slide-7190 ms-image\" aria-roledescription=\"slide\" aria-label=\"slide-7190\"><img decoding=\"async\" src=\"https:\/\/sunmax.tr\/wp-content\/uploads\/2025\/02\/slider-6-0x0.jpg\" alt=\"\" class=\"slider-4609 slide-7190\" title=\"slider-6\" \/><\/li>\n            <\/ul>\n        <\/div>\n        \n    <\/div>\n<\/div>\n<\/div><\/div>\n<\/div><\/div><\/section>\n\n\n\n<section id=\"g-3xlilsr\" class=\"wp-block-gutentor-m4 section-g-3xlilsr gutentor-module gutentor-advanced-columns has-color-bg has-custom-bg\"><div class=\"grid-container\"><div class=\"grid-row\">\n<div id=\"col-g-z0ez0lb\" class=\"wp-block-gutentor-m4-col col-g-z0ez0lb gutentor-single-column  grid-lg-12 grid-md-12 grid-12\"><div id=\"section-g-z0ez0lb\" class=\"section-g-z0ez0lb gutentor-col-wrap\"><\/div><\/div>\n<\/div><\/div><\/section>\n\n\n\n<section id=\"g-rdzrddp\" class=\"wp-block-gutentor-m4 section-g-rdzrddp gutentor-module gutentor-advanced-columns has-color-bg has-custom-bg\"><div class=\"grid-container\"><div class=\"grid-row\">\n<div id=\"col-g-cas3bbx\" class=\"wp-block-gutentor-m4-col col-g-cas3bbx gutentor-single-column  grid-lg-12 grid-md-12 grid-12\"><div id=\"section-g-cas3bbx\" class=\"section-g-cas3bbx gutentor-col-wrap\">\n<p class=\"has-text-align-center has-text-color has-link-color wp-elements-517d60b85187c89b4420cd53300a7d5f\" style=\"color:#999999;font-size:31px;font-style:normal;font-weight:400;letter-spacing:3px\"><\/p>\n\n\n\n<div id=\"section-g-47b6qf9\" class=\"wp-block-gutentor-e0 section-g-47b6qf9 gutentor-element gutentor-element-advanced-text text-align-center-desktop text-align-center-tablet text-align-center-mobile\"><div class=\"gutentor-text-wrap\"><p class=\"gutentor-text\">Products <strong>3<\/strong> Collected under the brand.<\/p><\/div><\/div>\n<\/div><\/div>\n<\/div><\/div><\/section>\n\n\n\n<section id=\"g-99ae1s8\" class=\"wp-block-gutentor-m4 section-g-99ae1s8 gutentor-module gutentor-advanced-columns has-color-bg has-custom-bg gutentor-equal-column-height\"><div class=\"grid-container\"><div class=\"grid-row\">\n<div id=\"col-g-cqr5isq\" class=\"wp-block-gutentor-m4-col col-g-cqr5isq gutentor-single-column  grid-lg-4 grid-md-4 grid-4\"><div id=\"section-g-cqr5isq\" class=\"section-g-cqr5isq gutentor-col-wrap\"><div class=\"wp-block-image aligncenter size-full is-resized\">\n<figure class=\"\"><img loading=\"lazy\" decoding=\"async\" width=\"250\" height=\"250\" src=\"https:\/\/butemmetal.com\/wp-content\/uploads\/2024\/08\/gunes-icon.png\" alt=\"\" class=\"wp-image-2962\" style=\"aspect-ratio:1;width:100px;height:auto\" srcset=\"https:\/\/sunmax.tr\/wp-content\/uploads\/2024\/08\/gunes-icon.png 250w, https:\/\/sunmax.tr\/wp-content\/uploads\/2024\/08\/gunes-icon-150x150.png 150w, https:\/\/sunmax.tr\/wp-content\/uploads\/2024\/08\/gunes-icon-12x12.png 12w\" sizes=\"auto, (max-width: 250px) 100vw, 250px\" \/><\/figure><\/div>\n\n\n<div id=\"section-g-3uvg2hy\" class=\"wp-block-gutentor-e0 section-g-3uvg2hy gutentor-element gutentor-element-advanced-text text-align-center-desktop text-align-center-mobile\"><div class=\"gutentor-text-wrap\"><p class=\"gutentor-text\">Solar Energy Systems<\/p><\/div><\/div>\n\n\n\n<hr class=\"wp-block-separator has-alpha-channel-opacity has-text-color has-vivid-red-color has-vivid-red-background-color has-background is-style-default\" \/>\n\n\n<div class=\"wp-block-image aligncenter size-full is-resized\">\n<figure class=\"\"><a href=\"#\"><img loading=\"lazy\" decoding=\"async\" width=\"400\" height=\"85\" src=\"https:\/\/butemmetal.com\/wp-content\/uploads\/2024\/08\/sunmax-white.png\" alt=\"\" class=\"wp-image-2775\" style=\"object-fit:contain;width:110px;height:30px\" srcset=\"https:\/\/sunmax.tr\/wp-content\/uploads\/2024\/08\/sunmax-white.png 400w, https:\/\/sunmax.tr\/wp-content\/uploads\/2024\/08\/sunmax-white-300x64.png 300w, https:\/\/sunmax.tr\/wp-content\/uploads\/2024\/08\/sunmax-white-18x4.png 18w\" sizes=\"auto, (max-width: 400px) 100vw, 400px\" \/><\/a><\/figure><\/div><\/div><\/div>\n\n\n\n<div id=\"col-g-17qedp1\" class=\"wp-block-gutentor-m4-col col-g-17qedp1 gutentor-single-column  grid-lg-4 grid-md-4 grid-4\"><div id=\"section-g-17qedp1\" class=\"section-g-17qedp1 gutentor-col-wrap\"><div class=\"wp-block-image aligncenter size-full is-resized\">\n<figure class=\"\"><img loading=\"lazy\" decoding=\"async\" width=\"250\" height=\"250\" src=\"https:\/\/butemmetal.com\/wp-content\/uploads\/2024\/08\/tavan-icon.png\" alt=\"\" class=\"wp-image-2960\" style=\"aspect-ratio:1;width:100px;height:auto\" srcset=\"https:\/\/sunmax.tr\/wp-content\/uploads\/2024\/08\/tavan-icon.png 250w, https:\/\/sunmax.tr\/wp-content\/uploads\/2024\/08\/tavan-icon-150x150.png 150w, https:\/\/sunmax.tr\/wp-content\/uploads\/2024\/08\/tavan-icon-12x12.png 12w\" sizes=\"auto, (max-width: 250px) 100vw, 250px\" \/><\/figure><\/div>\n\n\n<div id=\"section-g-3ewbuw1\" class=\"wp-block-gutentor-e0 section-g-3ewbuw1 gutentor-element gutentor-element-advanced-text text-align-center-desktop text-align-center-mobile\"><div class=\"gutentor-text-wrap\"><p class=\"gutentor-text\">Metal Ceiling Systems<\/p><\/div><\/div>\n\n\n\n<hr class=\"wp-block-separator has-alpha-channel-opacity has-text-color has-vivid-red-color has-vivid-red-background-color has-background\" \/>\n\n\n<div class=\"wp-block-image aligncenter size-full is-resized\">\n<figure class=\"\"><a href=\"https:\/\/butemmetal.com\/metal-tavan-sistemlerimi\/\"><img decoding=\"async\" src=\"https:\/\/butemmetal.com\/wp-content\/uploads\/2024\/11\/burek-tek-beyaz.png\" alt=\"\" class=\"wp-image-6341\" style=\"object-fit:contain;width:108px;height:30px\" \/><\/a><\/figure><\/div><\/div><\/div>\n\n\n\n<div id=\"col-g-1xdicis\" class=\"wp-block-gutentor-m4-col col-g-1xdicis gutentor-single-column  grid-lg-4 grid-md-4 grid-4\"><div id=\"section-g-1xdicis\" class=\"section-g-1xdicis gutentor-col-wrap\"><div class=\"wp-block-image aligncenter size-full is-resized\">\n<figure class=\"\"><img loading=\"lazy\" decoding=\"async\" width=\"250\" height=\"250\" src=\"https:\/\/butemmetal.com\/wp-content\/uploads\/2024\/08\/buhar-icon.png\" alt=\"\" class=\"wp-image-2963\" style=\"width:100px\" srcset=\"https:\/\/sunmax.tr\/wp-content\/uploads\/2024\/08\/buhar-icon.png 250w, https:\/\/sunmax.tr\/wp-content\/uploads\/2024\/08\/buhar-icon-150x150.png 150w, https:\/\/sunmax.tr\/wp-content\/uploads\/2024\/08\/buhar-icon-12x12.png 12w\" sizes=\"auto, (max-width: 250px) 100vw, 250px\" \/><\/figure><\/div>\n\n\n<div id=\"section-g-tbefglr\" class=\"wp-block-gutentor-e0 section-g-tbefglr gutentor-element gutentor-element-advanced-text text-align-center-desktop text-align-center-mobile\"><div class=\"gutentor-text-wrap\"><p class=\"gutentor-text\">SPA Products and Steam Room<\/p><\/div><\/div>\n\n\n\n<hr class=\"wp-block-separator has-alpha-channel-opacity has-text-color has-vivid-red-color has-vivid-red-background-color has-background is-style-default\" \/>\n\n\n<div class=\"wp-block-image aligncenter size-full is-resized\">\n<figure class=\"\"><a href=\"https:\/\/www.finnmax.com.tr\/\" target=\"_blank\" rel=\"noreferrer noopener\"><img loading=\"lazy\" decoding=\"async\" width=\"400\" height=\"85\" src=\"https:\/\/butemmetal.com\/wp-content\/uploads\/2024\/08\/finnmax-white.png\" alt=\"\" class=\"wp-image-2774\" style=\"object-fit:contain;width:141px;height:30px\" srcset=\"https:\/\/sunmax.tr\/wp-content\/uploads\/2024\/08\/finnmax-white.png 400w, https:\/\/sunmax.tr\/wp-content\/uploads\/2024\/08\/finnmax-white-300x64.png 300w, https:\/\/sunmax.tr\/wp-content\/uploads\/2024\/08\/finnmax-white-18x4.png 18w\" sizes=\"auto, (max-width: 400px) 100vw, 400px\" \/><\/a><\/figure><\/div><\/div><\/div>\n<\/div><\/div><\/section>\n\n\n\n<section id=\"g-xicxhsr\" class=\"wp-block-gutentor-m4 section-g-xicxhsr gutentor-module gutentor-advanced-columns\"><div class=\"grid-container\"><div class=\"grid-row\">\n<div id=\"col-g-9eyeqe4\" class=\"wp-block-gutentor-m4-col col-g-9eyeqe4 gutentor-single-column  grid-lg-7 grid-md-12 grid-12\"><div id=\"section-g-9eyeqe4\" class=\"section-g-9eyeqe4 gutentor-col-wrap\">\n<div id=\"section-g-8efb5p0\" class=\"wp-block-gutentor-e1 section-g-8efb5p0 gutentor-element gutentor-element-advanced-text\"><div class=\"gutentor-text-wrap\"><p class=\"gutentor-text\"><strong>S\u0131cak Su <\/strong>Sistemleri<\/p><\/div><\/div>\n\n\n\n<div id=\"section-g-zdws1ws\" class=\"wp-block-gutentor-e1 section-g-zdws1ws gutentor-element gutentor-element-advanced-text\"><div class=\"gutentor-text-wrap\"><p class=\"gutentor-text\"><br>G\u00fcne\u015fin d\u00fcnyay\u0131 \u0131s\u0131tt\u0131\u011f\u0131n\u0131 hepimiz biliyoruz. Yine bu g\u00fcne\u015f \u0131\u015f\u0131\u011f\u0131n\u0131 mercek vb. bir cisimle bir noktada yo\u011funla\u015ft\u0131r\u0131p daha y\u00fcksek bir s\u0131cakl\u0131k \u00fcretebilece\u011fimizi de biliriz. G\u00fcne\u015f \u0131\u015f\u0131\u011f\u0131ndan s\u0131cak su \u00fcreten sistemler de buna benzer \u00e7al\u0131\u015f\u0131r. G\u00fcne\u015f \u0131\u015f\u0131nlar\u0131n\u0131n etkisi att\u0131r\u0131larak s\u0131cak su \u00fcretilir.<br>\u200b<br>G\u00fcne\u015fi do\u011frudan g\u00f6ren bir alana g\u00fcne\u015f kolekt\u00f6r\u00fc denilen toplay\u0131c\u0131lar yerle\u015ftirilir. Bu kolekt\u00f6rlerin g\u00f6revi g\u00fcne\u015fin mevcut \u0131s\u0131nma etkisini artt\u0131rmakt\u0131r.<br>\u200b<br>\u0130\u00e7inden so\u011fuk su borular\u0131 ge\u00e7en kolekt\u00f6r\u00fcn i\u00e7i o derece s\u0131cakt\u0131r ki borulardan ge\u00e7en so\u011fuk su zamanla \u0131s\u0131n\u0131r. Bunu \u015f\u00f6yle de a\u00e7\u0131klayabiliriz. G\u00fcne\u015fli bir g\u00fcnde koyu renkli bir otomobilin i\u00e7ine girip kap\u0131 ve camlar\u0131 kapat\u0131rsak araban\u0131n i\u00e7i dayanamayaca\u011f\u0131m\u0131z kadar s\u0131cakla\u015f\u0131r. \u0130\u015fte kollekt\u00f6rlerin i\u00e7i de bu \u015fekilde kapal\u0131 bir aland\u0131r ve koyu renkli olduklar\u0131 i\u00e7in \u00e7ok daha fazla \u0131s\u0131n\u0131rlar. Bu sistemlerin i\u00e7inde kolay \u0131s\u0131nabilen \u00f6zel maddeler de vard\u0131r.<br>\u200b<br>\u00a0<br>Kolekt\u00f6rlerde \u0131s\u0131t\u0131lan su genellikle hemen kullan\u0131lmaz. Bunun i\u00e7in \u00fcretilen s\u0131cak suyun depolanmas\u0131 gerekir. Depolama i\u015flemi i\u00e7in s\u0131cakl\u0131\u011f\u0131 koruyucu \u00f6zel bir kap kullan\u0131l\u0131r. Evlerde kulland\u0131\u011f\u0131m\u0131z termoslara benzeyen bu depolarda s\u0131cak su uzun s\u00fcre so\u011fumadan bekleyebilir. Soldaki resimde bir evin \u00e7at\u0131s\u0131ndaki g\u00fcne\u015f kolekt\u00f6r\u00fc g\u00f6r\u00fclmektedir. Bu y\u00f6ntem \u00fclkemizin g\u00fcney illeri ba\u015fta olmak \u00fczere g\u00fcne\u015fli g\u00fcnlerin fazla oldu\u011fu b\u00f6lgelerde yayg\u0131n olarak kullan\u0131lmaktad\u0131r.<\/p><\/div><\/div>\n<\/div><\/div>\n\n\n\n<div id=\"col-g-lkloz7k\" class=\"wp-block-gutentor-m4-col col-g-lkloz7k gutentor-single-column  grid-lg-5 grid-md-12 grid-12\"><div id=\"section-g-lkloz7k\" class=\"section-g-lkloz7k gutentor-col-wrap\">\n<figure class=\"wp-block-image size-full\"><img loading=\"lazy\" decoding=\"async\" width=\"762\" height=\"915\" src=\"https:\/\/sunmax.tr\/wp-content\/uploads\/2025\/02\/sicak-su-03.jpg\" alt=\"\" class=\"wp-image-7147\" srcset=\"https:\/\/sunmax.tr\/wp-content\/uploads\/2025\/02\/sicak-su-03.jpg 762w, https:\/\/sunmax.tr\/wp-content\/uploads\/2025\/02\/sicak-su-03-250x300.jpg 250w, https:\/\/sunmax.tr\/wp-content\/uploads\/2025\/02\/sicak-su-03-10x12.jpg 10w\" sizes=\"auto, (max-width: 762px) 100vw, 762px\" \/><\/figure>\n<\/div><\/div>\n<\/div><\/div><\/section>\n\n\n\n<section id=\"g-vqqv1rv\" class=\"wp-block-gutentor-m4 section-g-vqqv1rv gutentor-module gutentor-advanced-columns has-color-bg has-custom-bg\"><div class=\"grid-container\"><div class=\"grid-row\">\n<div id=\"col-g-dbt0eqb\" class=\"wp-block-gutentor-m4-col col-g-dbt0eqb gutentor-single-column  grid-lg-12 grid-md-12 grid-12\"><div id=\"section-g-dbt0eqb\" class=\"section-g-dbt0eqb gutentor-col-wrap\">\n<div id=\"section-g-kqldevi\" class=\"wp-block-gutentor-e1 section-g-kqldevi gutentor-element gutentor-element-advanced-text\"><div class=\"gutentor-text-wrap\"><a class=\"gutentor-element-advanced-text-link\" href=\"https:\/\/sunmax.tr\/en\/urunlerimiz\/bireysel-basincsiz-sistemler\/\"><p class=\"gutentor-text\"><br>Bireysel Bas\u0131n\u00e7s\u0131z Sistemlerimiz<\/p><\/a><\/div><\/div>\n<\/div><\/div>\n<\/div><\/div><\/section>\n\n\n\n<section id=\"g-uwlxh7l\" class=\"wp-block-gutentor-m4 section-g-uwlxh7l gutentor-module gutentor-advanced-columns\"><div class=\"grid-container\"><div class=\"grid-row\">\n<div id=\"col-g-kljn79l\" class=\"wp-block-gutentor-m4-col col-g-kljn79l gutentor-single-column  grid-lg-3 grid-md-12 grid-6\"><div id=\"section-g-kljn79l\" class=\"section-g-kljn79l gutentor-col-wrap\">\n<figure class=\"wp-block-image size-full is-resized\"><a href=\"https:\/\/sunmax.tr\/en\/urunlerimiz\/bireysel-basincsiz-sistemler\/#kisadepolustandart\"><img loading=\"lazy\" decoding=\"async\" width=\"415\" height=\"500\" src=\"https:\/\/sunmax.tr\/wp-content\/uploads\/2025\/01\/Kisa-Depolu-Standart-Urunler.jpg\" alt=\"\" class=\"wp-image-6968\" style=\"aspect-ratio:0.83;width:198px;height:auto\" srcset=\"https:\/\/sunmax.tr\/wp-content\/uploads\/2025\/01\/Kisa-Depolu-Standart-Urunler.jpg 415w, https:\/\/sunmax.tr\/wp-content\/uploads\/2025\/01\/Kisa-Depolu-Standart-Urunler-249x300.jpg 249w, https:\/\/sunmax.tr\/wp-content\/uploads\/2025\/01\/Kisa-Depolu-Standart-Urunler-10x12.jpg 10w\" sizes=\"auto, (max-width: 415px) 100vw, 415px\" \/><\/a><\/figure>\n\n\n\n<div id=\"section-g-2kjep1e\" class=\"wp-block-gutentor-e1 section-g-2kjep1e gutentor-element gutentor-element-advanced-text text-align-center-desktop\"><div class=\"gutentor-text-wrap\"><a class=\"gutentor-element-advanced-text-link\" href=\"https:\/\/sunmax.tr\/en\/urunlerimiz\/bireysel-basincsiz-sistemler\/#kisadepolustandart\"><p class=\"gutentor-text\">K\u0131sa Depolu Standart \u00dcr\u00fcnler<\/p><\/a><\/div><\/div>\n<\/div><\/div>\n\n\n\n<div id=\"col-g-ttm9uxu\" class=\"wp-block-gutentor-m4-col col-g-ttm9uxu gutentor-single-column  grid-lg-3 grid-md-12 grid-6\"><div id=\"section-g-ttm9uxu\" class=\"section-g-ttm9uxu gutentor-col-wrap\">\n<figure class=\"wp-block-image size-full is-resized\"><a href=\"https:\/\/sunmax.tr\/en\/urunlerimiz\/bireysel-basincsiz-sistemler\/#standartduble\"><img loading=\"lazy\" decoding=\"async\" width=\"415\" height=\"500\" src=\"https:\/\/sunmax.tr\/wp-content\/uploads\/2025\/01\/Standart-Duble-Urunler.jpg\" alt=\"\" class=\"wp-image-6983\" style=\"aspect-ratio:0.83;width:198px;height:auto\" srcset=\"https:\/\/sunmax.tr\/wp-content\/uploads\/2025\/01\/Standart-Duble-Urunler.jpg 415w, https:\/\/sunmax.tr\/wp-content\/uploads\/2025\/01\/Standart-Duble-Urunler-249x300.jpg 249w, https:\/\/sunmax.tr\/wp-content\/uploads\/2025\/01\/Standart-Duble-Urunler-10x12.jpg 10w\" sizes=\"auto, (max-width: 415px) 100vw, 415px\" \/><\/a><\/figure>\n\n\n\n<div id=\"section-g-o115tsn\" class=\"wp-block-gutentor-e1 section-g-o115tsn gutentor-element gutentor-element-advanced-text text-align-center-desktop\"><div class=\"gutentor-text-wrap\"><a class=\"gutentor-element-advanced-text-link\" href=\"https:\/\/sunmax.tr\/en\/urunlerimiz\/bireysel-basincsiz-sistemler\/#standartduble\"><p class=\"gutentor-text\">Standart Duble \u00dcr\u00fcnler<\/p><\/a><\/div><\/div>\n<\/div><\/div>\n\n\n\n<div id=\"col-g-lqclzq9\" class=\"wp-block-gutentor-m4-col col-g-lqclzq9 gutentor-single-column  grid-lg-3 grid-md-12 grid-6\"><div id=\"section-g-lqclzq9\" class=\"section-g-lqclzq9 gutentor-col-wrap\">\n<figure class=\"wp-block-image size-full is-resized\"><a href=\"https:\/\/sunmax.tr\/en\/urunlerimiz\/bireysel-basincsiz-sistemler\/#kisadepolupaslanmaz\"><img loading=\"lazy\" decoding=\"async\" width=\"415\" height=\"500\" src=\"https:\/\/sunmax.tr\/wp-content\/uploads\/2025\/01\/Kisa-Depolu-Paslanmaz-Urunler.jpg\" alt=\"\" class=\"wp-image-6988\" style=\"aspect-ratio:0.83;width:198px;height:auto\" srcset=\"https:\/\/sunmax.tr\/wp-content\/uploads\/2025\/01\/Kisa-Depolu-Paslanmaz-Urunler.jpg 415w, https:\/\/sunmax.tr\/wp-content\/uploads\/2025\/01\/Kisa-Depolu-Paslanmaz-Urunler-249x300.jpg 249w, https:\/\/sunmax.tr\/wp-content\/uploads\/2025\/01\/Kisa-Depolu-Paslanmaz-Urunler-10x12.jpg 10w\" sizes=\"auto, (max-width: 415px) 100vw, 415px\" \/><\/a><\/figure>\n\n\n\n<div id=\"section-g-spjazs4\" class=\"wp-block-gutentor-e1 section-g-spjazs4 gutentor-element gutentor-element-advanced-text text-align-center-desktop\"><div class=\"gutentor-text-wrap\"><a class=\"gutentor-element-advanced-text-link\" href=\"https:\/\/sunmax.tr\/en\/urunlerimiz\/bireysel-basincsiz-sistemler\/#kisadepolupaslanmaz\"><p class=\"gutentor-text\">K\u0131sa Depolu Paslanmaz \u00dcr\u00fcnler<\/p><\/a><\/div><\/div>\n<\/div><\/div>\n\n\n\n<div id=\"col-g-1trxsie\" class=\"wp-block-gutentor-m4-col col-g-1trxsie gutentor-single-column  grid-lg-3 grid-md-12 grid-6\"><div id=\"section-g-1trxsie\" class=\"section-g-1trxsie gutentor-col-wrap\">\n<figure class=\"wp-block-image size-full is-resized\"><a href=\"https:\/\/sunmax.tr\/en\/urunlerimiz\/bireysel-basincsiz-sistemler\/#komplepaslanmazduble\"><img loading=\"lazy\" decoding=\"async\" width=\"415\" height=\"500\" src=\"https:\/\/sunmax.tr\/wp-content\/uploads\/2025\/01\/Komple-Paslanmaz-Duble-Urunler.jpg\" alt=\"\" class=\"wp-image-6994\" style=\"aspect-ratio:0.83;width:198px;height:auto\" srcset=\"https:\/\/sunmax.tr\/wp-content\/uploads\/2025\/01\/Komple-Paslanmaz-Duble-Urunler.jpg 415w, https:\/\/sunmax.tr\/wp-content\/uploads\/2025\/01\/Komple-Paslanmaz-Duble-Urunler-249x300.jpg 249w, https:\/\/sunmax.tr\/wp-content\/uploads\/2025\/01\/Komple-Paslanmaz-Duble-Urunler-10x12.jpg 10w\" sizes=\"auto, (max-width: 415px) 100vw, 415px\" \/><\/a><\/figure>\n\n\n\n<div id=\"section-g-pkx8yeb\" class=\"wp-block-gutentor-e1 section-g-pkx8yeb gutentor-element gutentor-element-advanced-text text-align-center-desktop\"><div class=\"gutentor-text-wrap\"><a class=\"gutentor-element-advanced-text-link\" href=\"https:\/\/sunmax.tr\/en\/urunlerimiz\/bireysel-basincsiz-sistemler\/#komplepaslanmazduble\"><p class=\"gutentor-text\">Komple Paslanmaz Duble \u00dcr\u00fcnler<\/p><\/a><\/div><\/div>\n<\/div><\/div>\n<\/div><\/div><\/section>","protected":false},"excerpt":{"rendered":"","protected":false},"author":1,"featured_media":0,"parent":0,"menu_order":0,"comment_status":"closed","ping_status":"closed","template":"template-gutentor-full-width.php","meta":{"footnotes":""},"class_list":["post-29","page","type-page","status-publish","hentry"],"_links":{"self":[{"href":"https:\/\/sunmax.tr\/en\/wp-json\/wp\/v2\/pages\/29","targetHints":{"allow":["GET"]}}],"collection":[{"href":"https:\/\/sunmax.tr\/en\/wp-json\/wp\/v2\/pages"}],"about":[{"href":"https:\/\/sunmax.tr\/en\/wp-json\/wp\/v2\/types\/page"}],"author":[{"embeddable":true,"href":"https:\/\/sunmax.tr\/en\/wp-json\/wp\/v2\/users\/1"}],"replies":[{"embeddable":true,"href":"https:\/\/sunmax.tr\/en\/wp-json\/wp\/v2\/comments?post=29"}],"version-history":[{"count":25,"href":"https:\/\/sunmax.tr\/en\/wp-json\/wp\/v2\/pages\/29\/revisions"}],"predecessor-version":[{"id":7185,"href":"https:\/\/sunmax.tr\/en\/wp-json\/wp\/v2\/pages\/29\/revisions\/7185"}],"wp:attachment":[{"href":"https:\/\/sunmax.tr\/en\/wp-json\/wp\/v2\/media?parent=29"}],"curies":[{"name":"wp","href":"https:\/\/api.w.org\/{rel}","templated":true}]}}