{"id":6746,"date":"2024-11-14T16:11:58","date_gmt":"2024-11-14T13:11:58","guid":{"rendered":"https:\/\/sunmax.tr\/?page_id=6746"},"modified":"2024-11-25T13:36:02","modified_gmt":"2024-11-25T10:36:02","slug":"sauna-ve-buhar-odasi-imalati","status":"publish","type":"page","link":"https:\/\/sunmax.tr\/en\/sauna-ve-buhar-odasi-imalati\/","title":{"rendered":"Sauna ve Buhar Odas\u0131 \u0130malat\u0131"},"content":{"rendered":"<section id=\"g-ibnbl9g\" class=\"wp-block-gutentor-m4 section-g-ibnbl9g gutentor-module gutentor-advanced-columns has-color-bg has-custom-bg gutentor-equal-column-height\"><div class=\"grid-container\"><div class=\"grid-row\">\n<div id=\"col-g-x10xmzx\" class=\"wp-block-gutentor-m4-col col-g-x10xmzx gutentor-single-column  grid-lg-6 grid-md-12 grid-6 wow slideInUp\" data-wow-animation=\"slideInUp\"><div id=\"section-g-x10xmzx\" class=\"section-g-x10xmzx gutentor-col-wrap has-color-bg has-custom-bg\">\n<div id=\"section-g-ril0ehp\" class=\"wp-block-gutentor-e0 section-g-ril0ehp gutentor-element gutentor-element-advanced-text\"><div class=\"gutentor-text-wrap\"><h1 class=\"gutentor-text\">Sauna ve<br>Buhar Odas\u0131 \u0130malat\u0131<\/h1><\/div><\/div>\n<\/div><\/div>\n\n\n\n<div id=\"col-g-x21irw1\" class=\"wp-block-gutentor-m4-col col-g-x21irw1 gutentor-single-column  grid-lg-6 grid-md-12 grid-6\"><div id=\"section-g-x21irw1\" class=\"section-g-x21irw1 gutentor-col-wrap\"><\/div><\/div>\n<\/div><\/div><\/section>\n\n\n\n<section id=\"g-pjdvmel\" class=\"wp-block-gutentor-m4 section-g-pjdvmel gutentor-module gutentor-advanced-columns\"><div class=\"grid-container\"><div class=\"grid-row\">\n<div id=\"col-g-klhbf0m\" class=\"wp-block-gutentor-m4-col col-g-klhbf0m gutentor-single-column  grid-lg-12 grid-md-12 grid-12\"><div id=\"section-g-klhbf0m\" class=\"section-g-klhbf0m gutentor-col-wrap\">\n<section id=\"g-l6al1ll\" class=\"wp-block-gutentor-m4 section-g-l6al1ll gutentor-module gutentor-advanced-columns\"><div class=\"grid-container\"><div class=\"grid-row\">\n<div id=\"col-g-1bvz1pj\" class=\"wp-block-gutentor-m4-col col-g-1bvz1pj gutentor-single-column  grid-lg-12 grid-md-12 grid-12\"><div id=\"section-g-1bvz1pj\" class=\"section-g-1bvz1pj gutentor-col-wrap\"><div class=\"ultp-not-found-message\" role=\"alert\">No Post Found<\/div><\/div><\/div>\n<\/div><\/div><\/section>\n<\/div><\/div>\n<\/div><\/div><\/section>\n\n\n\n<p><\/p>","protected":false},"excerpt":{"rendered":"","protected":false},"author":1,"featured_media":0,"parent":0,"menu_order":0,"comment_status":"closed","ping_status":"closed","template":"template-gutentor-full-width.php","meta":{"footnotes":""},"class_list":["post-6746","page","type-page","status-publish","hentry"],"_links":{"self":[{"href":"https:\/\/sunmax.tr\/en\/wp-json\/wp\/v2\/pages\/6746","targetHints":{"allow":["GET"]}}],"collection":[{"href":"https:\/\/sunmax.tr\/en\/wp-json\/wp\/v2\/pages"}],"about":[{"href":"https:\/\/sunmax.tr\/en\/wp-json\/wp\/v2\/types\/page"}],"author":[{"embeddable":true,"href":"https:\/\/sunmax.tr\/en\/wp-json\/wp\/v2\/users\/1"}],"replies":[{"embeddable":true,"href":"https:\/\/sunmax.tr\/en\/wp-json\/wp\/v2\/comments?post=6746"}],"version-history":[{"count":0,"href":"https:\/\/sunmax.tr\/en\/wp-json\/wp\/v2\/pages\/6746\/revisions"}],"wp:attachment":[{"href":"https:\/\/sunmax.tr\/en\/wp-json\/wp\/v2\/media?parent=6746"}],"curies":[{"name":"wp","href":"https:\/\/api.w.org\/{rel}","templated":true}]}}